{"id":2623,"date":"2022-03-09T19:04:21","date_gmt":"2022-03-09T19:04:21","guid":{"rendered":"https:\/\/www.rioboatpula.com\/?page_id=2623"},"modified":"2022-08-09T07:35:49","modified_gmt":"2022-08-09T07:35:49","slug":"erklarung-zum-schutz-und-zur-erhebung-personenbezogener-daten","status":"publish","type":"page","link":"https:\/\/www.rioboatpula.com\/de\/erklarung-zum-schutz-und-zur-erhebung-personenbezogener-daten\/","title":{"rendered":"Erkl\u00e4rung zum Schutz und zur Erhebung personenbezogener Daten"},"content":{"rendered":"<div data-elementor-type=\"wp-page\" data-elementor-id=\"2623\" class=\"elementor elementor-2623\" data-elementor-post-type=\"page\">\n\t\t\t\t\t\t<section class=\"elementor-section elementor-top-section elementor-element elementor-element-ab24c22 elementor-section-boxed elementor-section-height-default elementor-section-height-default\" data-id=\"ab24c22\" data-element_type=\"section\">\n\t\t\t\t\t\t<div class=\"elementor-container elementor-column-gap-default\">\n\t\t\t\t\t<div class=\"elementor-column elementor-col-100 elementor-top-column elementor-element elementor-element-9064706\" data-id=\"9064706\" data-element_type=\"column\">\n\t\t\t<div class=\"elementor-widget-wrap elementor-element-populated\">\n\t\t\t\t\t\t<div class=\"elementor-element elementor-element-c587f86 elementor-widget elementor-widget-heading\" data-id=\"c587f86\" data-element_type=\"widget\" data-widget_type=\"heading.default\">\n\t\t\t\t<div class=\"elementor-widget-container\">\n\t\t\t\t\t<h2 class=\"elementor-heading-title elementor-size-default\">Erkl\u00e4rung zum Schutz und zur Erhebung personenbezogener Daten<\/h2>\t\t\t\t<\/div>\n\t\t\t\t<\/div>\n\t\t\t\t\t<\/div>\n\t\t<\/div>\n\t\t\t\t\t<\/div>\n\t\t<\/section>\n\t\t\t\t<section class=\"elementor-section elementor-top-section elementor-element elementor-element-92b3286 elementor-section-boxed elementor-section-height-default elementor-section-height-default\" data-id=\"92b3286\" data-element_type=\"section\">\n\t\t\t\t\t\t<div class=\"elementor-container elementor-column-gap-default\">\n\t\t\t\t\t<div class=\"elementor-column elementor-col-100 elementor-top-column elementor-element elementor-element-094742b\" data-id=\"094742b\" data-element_type=\"column\">\n\t\t\t<div class=\"elementor-widget-wrap elementor-element-populated\">\n\t\t\t\t\t\t<div class=\"elementor-element elementor-element-788f30d elementor-widget elementor-widget-text-editor\" data-id=\"788f30d\" data-element_type=\"widget\" data-widget_type=\"text-editor.default\">\n\t\t\t\t<div class=\"elementor-widget-container\">\n\t\t\t\t\t\t\t\t\t<p>Busoler Sport doo hat mit der Herstellung eines hochwertigen Sportger\u00e4ts begonnen, das seinen Zweck erf\u00fcllt, und zwar mit der Absicht, ein neues Ger\u00e4t\/Ger\u00e4t f\u00fcr die Freizeit bereitzustellen. Informieren Sie sich \u00fcber den Kauf eines geeigneten H\u00e4ndlers f\u00fcr Ihre Marketingkampagne, aktualisieren Sie die Website, indem Sie den Kaufauftrag vergeben oder eine neue Website erstellen. Es ist wahrscheinlich, dass Sie mit dieser Methode einen Draht an Ihren K\u00f6rper bekommen und gleichzeitig Ihre gesamte Energie auf Ihre eigene Art und Weise aufwenden m\u00fcssen. Alle Sportunternehmen von SPORT TIM und ihre verbundenen Unternehmen sind bestrebt, ihre Privatsph\u00e4re zu sch\u00fctzen.<\/p>\t\t\t\t\t\t\t\t<\/div>\n\t\t\t\t<\/div>\n\t\t\t\t<div class=\"elementor-element elementor-element-c7230a9 elementor-widget elementor-widget-heading\" data-id=\"c7230a9\" data-element_type=\"widget\" data-widget_type=\"heading.default\">\n\t\t\t\t<div class=\"elementor-widget-container\">\n\t\t\t\t\t<h2 class=\"elementor-heading-title elementor-size-default\"> \u00dcber die Verwendung und Pflege von Lebensmitteln <\/h2>\t\t\t\t<\/div>\n\t\t\t\t<\/div>\n\t\t\t\t<div class=\"elementor-element elementor-element-54151ad elementor-widget elementor-widget-text-editor\" data-id=\"54151ad\" data-element_type=\"widget\" data-widget_type=\"text-editor.default\">\n\t\t\t\t<div class=\"elementor-widget-container\">\n\t\t\t\t\t\t\t\t\t<p>Busoler sport doo verpflichtet sich, die pers\u00f6nlichen Daten der Kunden zu sch\u00fctzen, indem es nur die notwendigen, grundlegenden Informationen \u00fcber Kunden\/Benutzer sammelt, die zur Erf\u00fcllung unserer Verpflichtung erforderlich sind; informiert die Kunden dar\u00fcber, wie die gesammelten Daten zu verwenden sind, gibt den Kunden regelm\u00e4\u00dfig die M\u00f6glichkeit, \u00fcber die Verwendung ihrer Daten zu entscheiden, einschlie\u00dflich der M\u00f6glichkeit, zu entscheiden, ob sie<br>ihren Namen aus der Liste entfernen, die f\u00fcr Marketingkampagnen verwendet wird. Alle Benutzerdaten werden streng vertraulich behandelt und sind nur den Mitarbeitern zug\u00e4nglich, die diese Informationen f\u00fcr ihre Arbeit ben\u00f6tigen. Alle Mitarbeiter von SPORT TIM jdoo und die Gesch\u00e4ftspartner sind f\u00fcr die Einhaltung der Datenschutzgrunds\u00e4tze verantwortlich.&nbsp;<\/p>\t\t\t\t\t\t\t\t<\/div>\n\t\t\t\t<\/div>\n\t\t\t\t\t<\/div>\n\t\t<\/div>\n\t\t\t\t\t<\/div>\n\t\t<\/section>\n\t\t\t\t<\/div>","protected":false},"excerpt":{"rendered":"<p>Erkl\u00e4rung zum Schutz und zur Erhebung personenbezogener Daten Busoler Sport doo obavezuje se pru\u017eati za\u0161titu osobnim podacima kupaca, na na\u010din da prikuplja samo nu\u017ene, osnovne podatke o kupcima\/ korisnicima koji su nu\u017eni za ispunjenje na\u0161ih obveza; Informieren Sie uns dar\u00fcber, ob Sie die gew\u00fcnschte Leistung erhalten haben, und informieren Sie sich, wenn Sie die gew\u00fcnschte Leistung erbringen oder die erforderlichen Leistungen erbringen, und stellen Sie sicher, dass [\u2026]<\/p>","protected":false},"author":6,"featured_media":0,"parent":0,"menu_order":0,"comment_status":"closed","ping_status":"closed","template":"","meta":{"_acf_changed":false,"footnotes":""},"class_list":["post-2623","page","type-page","status-publish","hentry"],"acf":[],"yoast_head":"<!-- This site is optimized with the Yoast SEO plugin v26.1.1 - https:\/\/yoast.com\/wordpress\/plugins\/seo\/ -->\n<title>Statement on the protection and collection of personal data - Rio Boat | Boat Tours Pula and Fa\u017eana<\/title>\n<meta name=\"robots\" content=\"index, follow, max-snippet:-1, max-image-preview:large, max-video-preview:-1\" \/>\n<link rel=\"canonical\" href=\"https:\/\/www.rioboatpula.com\/de\/erklarung-zum-schutz-und-zur-erhebung-personenbezogener-daten\/\" \/>\n<meta property=\"og:locale\" content=\"de_DE\" \/>\n<meta property=\"og:type\" content=\"article\" \/>\n<meta property=\"og:title\" content=\"Statement on the protection and collection of personal data - Rio Boat | Boat Tours Pula and Fa\u017eana\" \/>\n<meta property=\"og:description\" content=\"Statement on the protection and collection of personal data Busoler sport d.o.o obavezuje se pru\u017eati za\u0161titu osobnim podacima kupaca, na na\u010din da prikuplja samo nu\u017ene, osnovne podatke o kupcima\/ korisnicima koji su nu\u017eni za ispunjenje na\u0161ih obveza; informira kupce o na\u010dinu kori\u0161tenja prikupljenih podataka, redovito daje kupcima mogu\u0107nost izbora o upotrebi njihovih podataka,\u00a0 uklju\u010duju\u0107i mogu\u0107nost [&hellip;]\" \/>\n<meta property=\"og:url\" content=\"https:\/\/www.rioboatpula.com\/de\/erklarung-zum-schutz-und-zur-erhebung-personenbezogener-daten\/\" \/>\n<meta property=\"og:site_name\" content=\"Rio Boat | Boat Tours Pula and Fa\u017eana\" \/>\n<meta property=\"article:publisher\" content=\"https:\/\/web.facebook.com\/rio.boat.pula\" \/>\n<meta property=\"article:modified_time\" content=\"2022-08-09T07:35:49+00:00\" \/>\n<meta property=\"og:image\" content=\"https:\/\/www.rioboatpula.com\/wp-content\/uploads\/2022\/05\/RIO_logo.png\" \/>\n\t<meta property=\"og:image:width\" content=\"1147\" \/>\n\t<meta property=\"og:image:height\" content=\"645\" \/>\n\t<meta property=\"og:image:type\" content=\"image\/png\" \/>\n<meta name=\"twitter:label1\" content=\"Gesch\u00e4tzte Lesezeit\" \/>\n\t<meta name=\"twitter:data1\" content=\"1\u00a0Minute\" \/>\n<script type=\"application\/ld+json\" class=\"yoast-schema-graph\">{\"@context\":\"https:\/\/schema.org\",\"@graph\":[{\"@type\":\"WebPage\",\"@id\":\"https:\/\/www.rioboatpula.com\/statement-on-the-protection-and-collection-of-personal-data\/\",\"url\":\"https:\/\/www.rioboatpula.com\/statement-on-the-protection-and-collection-of-personal-data\/\",\"name\":\"Statement on the protection and collection of personal data - Rio Boat | Boat Tours Pula and Fa\u017eana\",\"isPartOf\":{\"@id\":\"https:\/\/www.rioboatpula.com\/#website\"},\"datePublished\":\"2022-03-09T19:04:21+00:00\",\"dateModified\":\"2022-08-09T07:35:49+00:00\",\"breadcrumb\":{\"@id\":\"https:\/\/www.rioboatpula.com\/statement-on-the-protection-and-collection-of-personal-data\/#breadcrumb\"},\"inLanguage\":\"de\",\"potentialAction\":[{\"@type\":\"ReadAction\",\"target\":[\"https:\/\/www.rioboatpula.com\/statement-on-the-protection-and-collection-of-personal-data\/\"]}]},{\"@type\":\"BreadcrumbList\",\"@id\":\"https:\/\/www.rioboatpula.com\/statement-on-the-protection-and-collection-of-personal-data\/#breadcrumb\",\"itemListElement\":[{\"@type\":\"ListItem\",\"position\":1,\"name\":\"Home\",\"item\":\"https:\/\/www.rioboatpula.com\/\"},{\"@type\":\"ListItem\",\"position\":2,\"name\":\"Statement on the protection and collection of personal data\"}]},{\"@type\":\"WebSite\",\"@id\":\"https:\/\/www.rioboatpula.com\/#website\",\"url\":\"https:\/\/www.rioboatpula.com\/\",\"name\":\"Rio Boat | Boat Tours Pula and Fa\u017eana\",\"description\":\"Amazing Boat tours in Pula and Fa\u017eana, Istria, Croatia\",\"publisher\":{\"@id\":\"https:\/\/www.rioboatpula.com\/#organization\"},\"alternateName\":\"Boat tours in Pula and Fa\u017eana\",\"potentialAction\":[{\"@type\":\"SearchAction\",\"target\":{\"@type\":\"EntryPoint\",\"urlTemplate\":\"https:\/\/www.rioboatpula.com\/?s={search_term_string}\"},\"query-input\":{\"@type\":\"PropertyValueSpecification\",\"valueRequired\":true,\"valueName\":\"search_term_string\"}}],\"inLanguage\":\"de\"},{\"@type\":\"Organization\",\"@id\":\"https:\/\/www.rioboatpula.com\/#organization\",\"name\":\"Rio Boat - Glass Boat Tours\",\"url\":\"https:\/\/www.rioboatpula.com\/\",\"logo\":{\"@type\":\"ImageObject\",\"inLanguage\":\"de\",\"@id\":\"https:\/\/www.rioboatpula.com\/#\/schema\/logo\/image\/\",\"url\":\"https:\/\/www.rioboatpula.com\/wp-content\/uploads\/2021\/03\/logo-rio-boat.svg\",\"contentUrl\":\"https:\/\/www.rioboatpula.com\/wp-content\/uploads\/2021\/03\/logo-rio-boat.svg\",\"width\":1,\"height\":1,\"caption\":\"Rio Boat - Glass Boat Tours\"},\"image\":{\"@id\":\"https:\/\/www.rioboatpula.com\/#\/schema\/logo\/image\/\"},\"sameAs\":[\"https:\/\/web.facebook.com\/rio.boat.pula\",\"https:\/\/www.instagram.com\/rio.boat.pula\/\"]}]}<\/script>\n<!-- \/ Yoast SEO plugin. -->","yoast_head_json":{"title":"Erkl\u00e4rung zum Schutz und zur Erhebung personenbezogener Daten - Rio Boat | Bootstouren Pula und Fa\u017eana","robots":{"index":"index","follow":"follow","max-snippet":"max-snippet:-1","max-image-preview":"max-image-preview:large","max-video-preview":"max-video-preview:-1"},"canonical":"https:\/\/www.rioboatpula.com\/de\/erklarung-zum-schutz-und-zur-erhebung-personenbezogener-daten\/","og_locale":"de_DE","og_type":"article","og_title":"Statement on the protection and collection of personal data - Rio Boat | Boat Tours Pula and Fa\u017eana","og_description":"Statement on the protection and collection of personal data Busoler sport d.o.o obavezuje se pru\u017eati za\u0161titu osobnim podacima kupaca, na na\u010din da prikuplja samo nu\u017ene, osnovne podatke o kupcima\/ korisnicima koji su nu\u017eni za ispunjenje na\u0161ih obveza; informira kupce o na\u010dinu kori\u0161tenja prikupljenih podataka, redovito daje kupcima mogu\u0107nost izbora o upotrebi njihovih podataka,\u00a0 uklju\u010duju\u0107i mogu\u0107nost [&hellip;]","og_url":"https:\/\/www.rioboatpula.com\/de\/erklarung-zum-schutz-und-zur-erhebung-personenbezogener-daten\/","og_site_name":"Rio Boat | Boat Tours Pula and Fa\u017eana","article_publisher":"https:\/\/web.facebook.com\/rio.boat.pula","article_modified_time":"2022-08-09T07:35:49+00:00","og_image":[{"width":1147,"height":645,"url":"https:\/\/www.rioboatpula.com\/wp-content\/uploads\/2022\/05\/RIO_logo.png","type":"image\/png"}],"twitter_misc":{"Gesch\u00e4tzte Lesezeit":"1\u00a0Minute"},"schema":{"@context":"https:\/\/schema.org","@graph":[{"@type":"WebPage","@id":"https:\/\/www.rioboatpula.com\/statement-on-the-protection-and-collection-of-personal-data\/","url":"https:\/\/www.rioboatpula.com\/statement-on-the-protection-and-collection-of-personal-data\/","name":"Erkl\u00e4rung zum Schutz und zur Erhebung personenbezogener Daten - Rio Boat | Bootstouren Pula und Fa\u017eana","isPartOf":{"@id":"https:\/\/www.rioboatpula.com\/#website"},"datePublished":"2022-03-09T19:04:21+00:00","dateModified":"2022-08-09T07:35:49+00:00","breadcrumb":{"@id":"https:\/\/www.rioboatpula.com\/statement-on-the-protection-and-collection-of-personal-data\/#breadcrumb"},"inLanguage":"de","potentialAction":[{"@type":"ReadAction","target":["https:\/\/www.rioboatpula.com\/statement-on-the-protection-and-collection-of-personal-data\/"]}]},{"@type":"BreadcrumbList","@id":"https:\/\/www.rioboatpula.com\/statement-on-the-protection-and-collection-of-personal-data\/#breadcrumb","itemListElement":[{"@type":"ListItem","position":1,"name":"Home","item":"https:\/\/www.rioboatpula.com\/"},{"@type":"ListItem","position":2,"name":"Statement on the protection and collection of personal data"}]},{"@type":"WebSite","@id":"https:\/\/www.rioboatpula.com\/#website","url":"https:\/\/www.rioboatpula.com\/","name":"Rio-Boot | Bootstouren Pula und Fa\u017eana","description":"Fantastische Bootstouren in Pula und Fa\u017eana, Istrien, Kroatien","publisher":{"@id":"https:\/\/www.rioboatpula.com\/#organization"},"alternateName":"Boat tours in Pula and Fa\u017eana","potentialAction":[{"@type":"SearchAction","target":{"@type":"EntryPoint","urlTemplate":"https:\/\/www.rioboatpula.com\/?s={search_term_string}"},"query-input":{"@type":"PropertyValueSpecification","valueRequired":true,"valueName":"search_term_string"}}],"inLanguage":"de"},{"@type":"Organization","@id":"https:\/\/www.rioboatpula.com\/#organization","name":"Rio Boat - Glasboot-Touren","url":"https:\/\/www.rioboatpula.com\/","logo":{"@type":"ImageObject","inLanguage":"de","@id":"https:\/\/www.rioboatpula.com\/#\/schema\/logo\/image\/","url":"https:\/\/www.rioboatpula.com\/wp-content\/uploads\/2021\/03\/logo-rio-boat.svg","contentUrl":"https:\/\/www.rioboatpula.com\/wp-content\/uploads\/2021\/03\/logo-rio-boat.svg","width":1,"height":1,"caption":"Rio Boat - Glass Boat Tours"},"image":{"@id":"https:\/\/www.rioboatpula.com\/#\/schema\/logo\/image\/"},"sameAs":["https:\/\/web.facebook.com\/rio.boat.pula","https:\/\/www.instagram.com\/rio.boat.pula\/"]}]}},"_links":{"self":[{"href":"https:\/\/www.rioboatpula.com\/de\/wp-json\/wp\/v2\/pages\/2623","targetHints":{"allow":["GET"]}}],"collection":[{"href":"https:\/\/www.rioboatpula.com\/de\/wp-json\/wp\/v2\/pages"}],"about":[{"href":"https:\/\/www.rioboatpula.com\/de\/wp-json\/wp\/v2\/types\/page"}],"author":[{"embeddable":true,"href":"https:\/\/www.rioboatpula.com\/de\/wp-json\/wp\/v2\/users\/6"}],"replies":[{"embeddable":true,"href":"https:\/\/www.rioboatpula.com\/de\/wp-json\/wp\/v2\/comments?post=2623"}],"version-history":[{"count":16,"href":"https:\/\/www.rioboatpula.com\/de\/wp-json\/wp\/v2\/pages\/2623\/revisions"}],"predecessor-version":[{"id":6625,"href":"https:\/\/www.rioboatpula.com\/de\/wp-json\/wp\/v2\/pages\/2623\/revisions\/6625"}],"wp:attachment":[{"href":"https:\/\/www.rioboatpula.com\/de\/wp-json\/wp\/v2\/media?parent=2623"}],"curies":[{"name":"wp","href":"https:\/\/api.w.org\/{rel}","templated":true}]}}