{"id":498,"date":"2024-03-25T13:58:14","date_gmt":"2024-03-25T13:58:14","guid":{"rendered":"https:\/\/www.rioboatpula.com\/?post_type=product&#038;p=498"},"modified":"2025-10-08T14:15:49","modified_gmt":"2025-10-08T14:15:49","slug":"glasbootstour-ab-pula-mit-schwimmen-und-schnorcheln","status":"publish","type":"product","link":"https:\/\/www.rioboatpula.com\/de\/tour\/glasbootstour-ab-pula-mit-schwimmen-und-schnorcheln\/","title":{"rendered":"Glasbootstour ab Pula mit Schwimmen und Schnorcheln"},"content":{"rendered":"<p>Wir starten im Hafen von Bunarina in Richtung der Bucht von Pje\u0161\u010dana, wo wir den Meeresboden, Fische und Muscheln beobachten. Wir segeln in Richtung der Insel Fratarski und genie\u00dfen die Aussicht auf die Schlucht und die drei H\u00f6hlen. Dann segeln wir zwischen zwei Inseln, Fra\u0161ker und Fra\u0161keri\u0107, wo Sie eine einmalige Gelegenheit haben, Seeigel und Seegurken zu sehen. Dort machen wir einen Stopp, wo Sie schwimmen k\u00f6nnen \u2013 dieser Ort ist wegen der Fischschw\u00e4rme etwas ganz Besonderes. Nachdem wir diese Unterwassersch\u00f6nheiten genossen haben, fahren wir in Richtung der Verudela-Schlucht und des heiligen Felsens \u2013 Sveta Stijena. Der Legende nach stand an genau dieser Stelle eine Kirche, die bei einem Sturm zerst\u00f6rt wurde. Vor nicht allzu langer Zeit wurde die Mauer f\u00fcr die Filmaufnahmen wieder aufgebaut. Mit der Zeit wurde der heilige Felsen \u2013 Sveta Stijena \u2013 zu einem Symbol von Verudela und Pula und zu einem Ort, der von romantischen Paaren, Sonnenuntergangsliebhabern und verheirateten Paaren besucht wird. Vorbei am Heiligen Felsen gehen wir den ganzen Weg zum Strand Saccorgiana, der zwischen dem ber\u00fchmten Strand Pulas und Ambrela liegt.<\/p>\n<p>Wenn Sie ein Morgenmensch sind, ist dies der perfekte Kurzausflug f\u00fcr Sie, Ihre Familie und Freunde. Sie k\u00f6nnen zwischen 10:00 und 11:30 Uhr das Morgenpanorama und eine Tour im Glasboot genie\u00dfen.<\/p>\n<p>Und wenn Sie von einem perfekten Nachmittag mit Sonnenuntergang und einer gro\u00dfartigen Gelegenheit tr\u00e4umen, unsere g\u00f6ttlichen Delfine auf Nahrungssuche zu treffen, ist die Abfahrt t\u00e4glich um 18.00 Uhr und die Ankunft um 19.30 Uhr.<\/p>\n<p>BUCHUNG min. 1h vorher<\/p>","protected":false},"excerpt":{"rendered":"<p>Wenn Sie ein Morgenmensch sind, ist dies der perfekte Kurztrip f\u00fcr Sie, Ihre Familie und Freunde. Panorama der Pula-Inseln und morgendliches Schwimmen mit unseren Fischen, die sich immer auf unsere R\u00fcckkehr freuen. Die Meereswelt ist magisch und erfreut unsere G\u00e4ste immer wieder. Unser besonderer Ort, an dem viele Fische auf uns warten, ist einfach magisch. Wir sind das einzige Glasboot in Pula und Umgebung mit einem solchen Angebot.<\/p>","protected":false},"featured_media":46,"template":"","meta":{"_acf_changed":false},"product_brand":[],"product_cat":[16,40],"product_tag":[35],"class_list":{"0":"post-498","1":"product","2":"type-product","3":"status-publish","4":"has-post-thumbnail","6":"product_cat-tours","7":"product_cat-pula-boat-tours","8":"product_tag-bookable","10":"first","11":"instock","12":"virtual","13":"sold-individually","14":"purchasable","15":"product-type-booking"},"acf":[],"yoast_head":"<!-- This site is optimized with the Yoast SEO plugin v26.1.1 - https:\/\/yoast.com\/wordpress\/plugins\/seo\/ -->\n<title>Glass boat tour from Pula with swimming and snorkeling - Rio Boat | Boat Tours Pula and Fa\u017eana<\/title>\n<meta name=\"robots\" content=\"index, follow, max-snippet:-1, max-image-preview:large, max-video-preview:-1\" \/>\n<link rel=\"canonical\" href=\"https:\/\/www.rioboatpula.com\/de\/tour\/glasbootstour-ab-pula-mit-schwimmen-und-schnorcheln\/\" \/>\n<meta property=\"og:locale\" content=\"de_DE\" \/>\n<meta property=\"og:type\" content=\"article\" \/>\n<meta property=\"og:title\" content=\"Glass boat tour from Pula with swimming and snorkeling - Rio Boat | Boat Tours Pula and Fa\u017eana\" \/>\n<meta property=\"og:description\" content=\"If you are a morning person this is perfect short trip for you and your family and friends. Panorama of the Pula islands and morning swimming with our fish who are always looking forward to our return.\u00a0The sea world is magical and always delights our guests. Our special place where many fish are waiting for us is simply magical. We are the only glassboat in Pula and its surroundings with such an offer.\" \/>\n<meta property=\"og:url\" content=\"https:\/\/www.rioboatpula.com\/de\/tour\/glasbootstour-ab-pula-mit-schwimmen-und-schnorcheln\/\" \/>\n<meta property=\"og:site_name\" content=\"Rio Boat | Boat Tours Pula and Fa\u017eana\" \/>\n<meta property=\"article:publisher\" content=\"https:\/\/web.facebook.com\/rio.boat.pula\" \/>\n<meta property=\"article:modified_time\" content=\"2025-10-08T14:15:49+00:00\" \/>\n<meta property=\"og:image\" content=\"https:\/\/www.rioboatpula.com\/wp-content\/uploads\/2021\/03\/Rio-Boat-Tours-Pula-2.jpg\" \/>\n\t<meta property=\"og:image:width\" content=\"1920\" \/>\n\t<meta property=\"og:image:height\" content=\"1080\" \/>\n\t<meta property=\"og:image:type\" content=\"image\/jpeg\" \/>\n<meta name=\"twitter:label1\" content=\"Gesch\u00e4tzte Lesezeit\" \/>\n\t<meta name=\"twitter:data1\" content=\"2\u00a0Minuten\" \/>\n<script type=\"application\/ld+json\" class=\"yoast-schema-graph\">{\"@context\":\"https:\/\/schema.org\",\"@graph\":[{\"@type\":\"WebPage\",\"@id\":\"https:\/\/www.rioboatpula.com\/tour\/glass-boat-tour-from-pula-with-swimming-and-snorkeling\/\",\"url\":\"https:\/\/www.rioboatpula.com\/tour\/glass-boat-tour-from-pula-with-swimming-and-snorkeling\/\",\"name\":\"Glass boat tour from Pula with swimming and snorkeling - Rio Boat | Boat Tours Pula and Fa\u017eana\",\"isPartOf\":{\"@id\":\"https:\/\/www.rioboatpula.com\/#website\"},\"primaryImageOfPage\":{\"@id\":\"https:\/\/www.rioboatpula.com\/tour\/glass-boat-tour-from-pula-with-swimming-and-snorkeling\/#primaryimage\"},\"image\":{\"@id\":\"https:\/\/www.rioboatpula.com\/tour\/glass-boat-tour-from-pula-with-swimming-and-snorkeling\/#primaryimage\"},\"thumbnailUrl\":\"https:\/\/www.rioboatpula.com\/wp-content\/uploads\/2021\/03\/Rio-Boat-Tours-Pula-2.jpg\",\"datePublished\":\"2024-03-25T13:58:14+00:00\",\"dateModified\":\"2025-10-08T14:15:49+00:00\",\"breadcrumb\":{\"@id\":\"https:\/\/www.rioboatpula.com\/tour\/glass-boat-tour-from-pula-with-swimming-and-snorkeling\/#breadcrumb\"},\"inLanguage\":\"de\",\"potentialAction\":[{\"@type\":\"ReadAction\",\"target\":[\"https:\/\/www.rioboatpula.com\/tour\/glass-boat-tour-from-pula-with-swimming-and-snorkeling\/\"]}]},{\"@type\":\"ImageObject\",\"inLanguage\":\"de\",\"@id\":\"https:\/\/www.rioboatpula.com\/tour\/glass-boat-tour-from-pula-with-swimming-and-snorkeling\/#primaryimage\",\"url\":\"https:\/\/www.rioboatpula.com\/wp-content\/uploads\/2021\/03\/Rio-Boat-Tours-Pula-2.jpg\",\"contentUrl\":\"https:\/\/www.rioboatpula.com\/wp-content\/uploads\/2021\/03\/Rio-Boat-Tours-Pula-2.jpg\",\"width\":1920,\"height\":1080,\"caption\":\"default\"},{\"@type\":\"BreadcrumbList\",\"@id\":\"https:\/\/www.rioboatpula.com\/tour\/glass-boat-tour-from-pula-with-swimming-and-snorkeling\/#breadcrumb\",\"itemListElement\":[{\"@type\":\"ListItem\",\"position\":1,\"name\":\"Home\",\"item\":\"https:\/\/www.rioboatpula.com\/\"},{\"@type\":\"ListItem\",\"position\":2,\"name\":\"Boat Tours and Excursions\",\"item\":\"https:\/\/www.rioboatpula.com\/boat-tours-and-excursions\/\"},{\"@type\":\"ListItem\",\"position\":3,\"name\":\"Boat tours\",\"item\":\"https:\/\/www.rioboatpula.com\/cat\/tours\/\"},{\"@type\":\"ListItem\",\"position\":4,\"name\":\"Pula boat tours\",\"item\":\"https:\/\/www.rioboatpula.com\/cat\/tours\/pula-boat-tours\/\"},{\"@type\":\"ListItem\",\"position\":5,\"name\":\"Glass boat tour from Pula with swimming and snorkeling\"}]},{\"@type\":\"WebSite\",\"@id\":\"https:\/\/www.rioboatpula.com\/#website\",\"url\":\"https:\/\/www.rioboatpula.com\/\",\"name\":\"Rio Boat | Boat Tours Pula and Fa\u017eana\",\"description\":\"Amazing Boat tours in Pula and Fa\u017eana, Istria, Croatia\",\"publisher\":{\"@id\":\"https:\/\/www.rioboatpula.com\/#organization\"},\"alternateName\":\"Boat tours in Pula and Fa\u017eana\",\"potentialAction\":[{\"@type\":\"SearchAction\",\"target\":{\"@type\":\"EntryPoint\",\"urlTemplate\":\"https:\/\/www.rioboatpula.com\/?s={search_term_string}\"},\"query-input\":{\"@type\":\"PropertyValueSpecification\",\"valueRequired\":true,\"valueName\":\"search_term_string\"}}],\"inLanguage\":\"de\"},{\"@type\":\"Organization\",\"@id\":\"https:\/\/www.rioboatpula.com\/#organization\",\"name\":\"Rio Boat - Glass Boat Tours\",\"url\":\"https:\/\/www.rioboatpula.com\/\",\"logo\":{\"@type\":\"ImageObject\",\"inLanguage\":\"de\",\"@id\":\"https:\/\/www.rioboatpula.com\/#\/schema\/logo\/image\/\",\"url\":\"https:\/\/www.rioboatpula.com\/wp-content\/uploads\/2021\/03\/logo-rio-boat.svg\",\"contentUrl\":\"https:\/\/www.rioboatpula.com\/wp-content\/uploads\/2021\/03\/logo-rio-boat.svg\",\"width\":1,\"height\":1,\"caption\":\"Rio Boat - Glass Boat Tours\"},\"image\":{\"@id\":\"https:\/\/www.rioboatpula.com\/#\/schema\/logo\/image\/\"},\"sameAs\":[\"https:\/\/web.facebook.com\/rio.boat.pula\",\"https:\/\/www.instagram.com\/rio.boat.pula\/\"]}]}<\/script>\n<!-- \/ Yoast SEO plugin. -->","yoast_head_json":{"title":"Glasbootstour ab Pula mit Schwimmen und Schnorcheln - Rio Boat | Bootstouren Pula und Fa\u017eana","robots":{"index":"index","follow":"follow","max-snippet":"max-snippet:-1","max-image-preview":"max-image-preview:large","max-video-preview":"max-video-preview:-1"},"canonical":"https:\/\/www.rioboatpula.com\/de\/tour\/glasbootstour-ab-pula-mit-schwimmen-und-schnorcheln\/","og_locale":"de_DE","og_type":"article","og_title":"Glass boat tour from Pula with swimming and snorkeling - Rio Boat | Boat Tours Pula and Fa\u017eana","og_description":"If you are a morning person this is perfect short trip for you and your family and friends. Panorama of the Pula islands and morning swimming with our fish who are always looking forward to our return.\u00a0The sea world is magical and always delights our guests. Our special place where many fish are waiting for us is simply magical. We are the only glassboat in Pula and its surroundings with such an offer.","og_url":"https:\/\/www.rioboatpula.com\/de\/tour\/glasbootstour-ab-pula-mit-schwimmen-und-schnorcheln\/","og_site_name":"Rio Boat | Boat Tours Pula and Fa\u017eana","article_publisher":"https:\/\/web.facebook.com\/rio.boat.pula","article_modified_time":"2025-10-08T14:15:49+00:00","og_image":[{"width":1920,"height":1080,"url":"https:\/\/www.rioboatpula.com\/wp-content\/uploads\/2021\/03\/Rio-Boat-Tours-Pula-2.jpg","type":"image\/jpeg"}],"twitter_misc":{"Gesch\u00e4tzte Lesezeit":"2\u00a0Minuten"},"schema":{"@context":"https:\/\/schema.org","@graph":[{"@type":"WebPage","@id":"https:\/\/www.rioboatpula.com\/tour\/glass-boat-tour-from-pula-with-swimming-and-snorkeling\/","url":"https:\/\/www.rioboatpula.com\/tour\/glass-boat-tour-from-pula-with-swimming-and-snorkeling\/","name":"Glasbootstour ab Pula mit Schwimmen und Schnorcheln - Rio Boat | Bootstouren Pula und Fa\u017eana","isPartOf":{"@id":"https:\/\/www.rioboatpula.com\/#website"},"primaryImageOfPage":{"@id":"https:\/\/www.rioboatpula.com\/tour\/glass-boat-tour-from-pula-with-swimming-and-snorkeling\/#primaryimage"},"image":{"@id":"https:\/\/www.rioboatpula.com\/tour\/glass-boat-tour-from-pula-with-swimming-and-snorkeling\/#primaryimage"},"thumbnailUrl":"https:\/\/www.rioboatpula.com\/wp-content\/uploads\/2021\/03\/Rio-Boat-Tours-Pula-2.jpg","datePublished":"2024-03-25T13:58:14+00:00","dateModified":"2025-10-08T14:15:49+00:00","breadcrumb":{"@id":"https:\/\/www.rioboatpula.com\/tour\/glass-boat-tour-from-pula-with-swimming-and-snorkeling\/#breadcrumb"},"inLanguage":"de","potentialAction":[{"@type":"ReadAction","target":["https:\/\/www.rioboatpula.com\/tour\/glass-boat-tour-from-pula-with-swimming-and-snorkeling\/"]}]},{"@type":"ImageObject","inLanguage":"de","@id":"https:\/\/www.rioboatpula.com\/tour\/glass-boat-tour-from-pula-with-swimming-and-snorkeling\/#primaryimage","url":"https:\/\/www.rioboatpula.com\/wp-content\/uploads\/2021\/03\/Rio-Boat-Tours-Pula-2.jpg","contentUrl":"https:\/\/www.rioboatpula.com\/wp-content\/uploads\/2021\/03\/Rio-Boat-Tours-Pula-2.jpg","width":1920,"height":1080,"caption":"default"},{"@type":"BreadcrumbList","@id":"https:\/\/www.rioboatpula.com\/tour\/glass-boat-tour-from-pula-with-swimming-and-snorkeling\/#breadcrumb","itemListElement":[{"@type":"ListItem","position":1,"name":"Home","item":"https:\/\/www.rioboatpula.com\/"},{"@type":"ListItem","position":2,"name":"Boat Tours and Excursions","item":"https:\/\/www.rioboatpula.com\/boat-tours-and-excursions\/"},{"@type":"ListItem","position":3,"name":"Boat tours","item":"https:\/\/www.rioboatpula.com\/cat\/tours\/"},{"@type":"ListItem","position":4,"name":"Pula boat tours","item":"https:\/\/www.rioboatpula.com\/cat\/tours\/pula-boat-tours\/"},{"@type":"ListItem","position":5,"name":"Glass boat tour from Pula with swimming and snorkeling"}]},{"@type":"WebSite","@id":"https:\/\/www.rioboatpula.com\/#website","url":"https:\/\/www.rioboatpula.com\/","name":"Rio-Boot | Bootstouren Pula und Fa\u017eana","description":"Fantastische Bootstouren in Pula und Fa\u017eana, Istrien, Kroatien","publisher":{"@id":"https:\/\/www.rioboatpula.com\/#organization"},"alternateName":"Boat tours in Pula and Fa\u017eana","potentialAction":[{"@type":"SearchAction","target":{"@type":"EntryPoint","urlTemplate":"https:\/\/www.rioboatpula.com\/?s={search_term_string}"},"query-input":{"@type":"PropertyValueSpecification","valueRequired":true,"valueName":"search_term_string"}}],"inLanguage":"de"},{"@type":"Organization","@id":"https:\/\/www.rioboatpula.com\/#organization","name":"Rio Boat - Glasboot-Touren","url":"https:\/\/www.rioboatpula.com\/","logo":{"@type":"ImageObject","inLanguage":"de","@id":"https:\/\/www.rioboatpula.com\/#\/schema\/logo\/image\/","url":"https:\/\/www.rioboatpula.com\/wp-content\/uploads\/2021\/03\/logo-rio-boat.svg","contentUrl":"https:\/\/www.rioboatpula.com\/wp-content\/uploads\/2021\/03\/logo-rio-boat.svg","width":1,"height":1,"caption":"Rio Boat - Glass Boat Tours"},"image":{"@id":"https:\/\/www.rioboatpula.com\/#\/schema\/logo\/image\/"},"sameAs":["https:\/\/web.facebook.com\/rio.boat.pula","https:\/\/www.instagram.com\/rio.boat.pula\/"]}]}},"_links":{"self":[{"href":"https:\/\/www.rioboatpula.com\/de\/wp-json\/wp\/v2\/product\/498","targetHints":{"allow":["GET"]}}],"collection":[{"href":"https:\/\/www.rioboatpula.com\/de\/wp-json\/wp\/v2\/product"}],"about":[{"href":"https:\/\/www.rioboatpula.com\/de\/wp-json\/wp\/v2\/types\/product"}],"version-history":[{"count":64,"href":"https:\/\/www.rioboatpula.com\/de\/wp-json\/wp\/v2\/product\/498\/revisions"}],"predecessor-version":[{"id":11970,"href":"https:\/\/www.rioboatpula.com\/de\/wp-json\/wp\/v2\/product\/498\/revisions\/11970"}],"wp:featuredmedia":[{"embeddable":true,"href":"https:\/\/www.rioboatpula.com\/de\/wp-json\/wp\/v2\/media\/46"}],"wp:attachment":[{"href":"https:\/\/www.rioboatpula.com\/de\/wp-json\/wp\/v2\/media?parent=498"}],"wp:term":[{"taxonomy":"product_brand","embeddable":true,"href":"https:\/\/www.rioboatpula.com\/de\/wp-json\/wp\/v2\/product_brand?post=498"},{"taxonomy":"product_cat","embeddable":true,"href":"https:\/\/www.rioboatpula.com\/de\/wp-json\/wp\/v2\/product_cat?post=498"},{"taxonomy":"product_tag","embeddable":true,"href":"https:\/\/www.rioboatpula.com\/de\/wp-json\/wp\/v2\/product_tag?post=498"}],"curies":[{"name":"wp","href":"https:\/\/api.w.org\/{rel}","templated":true}]}}