{"id":8864,"date":"2024-05-13T06:59:44","date_gmt":"2024-05-13T06:59:44","guid":{"rendered":"https:\/\/www.rioboatpula.com\/?post_type=product&#038;p=8864"},"modified":"2025-09-16T08:08:00","modified_gmt":"2025-09-16T08:08:00","slug":"bootstour-nach-brijuni","status":"publish","type":"product","link":"https:\/\/www.rioboatpula.com\/de\/tour\/bootstour-nach-brijuni\/","title":{"rendered":"Bootstour um Brijuni mit Delfinsafari ab Fa\u017eana"},"content":{"rendered":"<p><strong>Unsere Sonnenuntergangs- und Delfinsafari bietet eine einzigartige Mischung aus nat\u00fcrlicher Sch\u00f6nheit, Begegnungen mit Wildtieren und atemberaubenden Ausblicken.<\/strong><\/p>\n<p>Ihr Abenteuer beginnt am Pier von Fa\u017eana, von wo aus Sie in Richtung des bezaubernden Nationalparks Brijuni segeln. Durch den kristallklaren Glasboden unseres Bootes erleben Sie die lebendige Unterwasserwelt der Adria voller Fische, Korallen und vielf\u00e4ltiger Meereslebewesen.<\/p>\n<p>W\u00e4hrend wir entlang der K\u00fcste von Veliki und Mali Brijun fahren, werden Sie mit Panoramablicken auf die malerische Landschaft der Inseln verw\u00f6hnt, darunter historische venezianische Villen, \u00fcppige Golfpl\u00e4tze und den bezaubernden Hafen von Brijuni.<\/p>\n<p>Als n\u00e4chstes wagen wir uns aufs offene Meer hinaus, um verspielte Delfine zu suchen. Sichtungen k\u00f6nnen zwar nicht garantiert werden, aber der Nervenkitzel der Jagd und die m\u00f6gliche Belohnung, diesen gro\u00dfartigen Gesch\u00f6pfen zu begegnen, machen dies zu einem wirklich besonderen Erlebnis.<\/p>\n<p>Wenn die Sonne untergeht, machen wir uns auf den R\u00fcckweg nach Fa\u017eana, wo Sie auf unserer Terrasse entspannen und die magischen Farben des Himmels genie\u00dfen k\u00f6nnen, w\u00e4hrend er hinter dem Horizont versinkt.<\/p>","protected":false},"excerpt":{"rendered":"<p>Erleben Sie die Sch\u00f6nheit des Brijuni-Nationalparks bei einer magischen Bootsfahrt bei Sonnenuntergang, halten Sie Ausschau nach verspielten Delfinen und genie\u00dfen Sie den Panoramablick von unserem Glasbodenboot aus. Perfekt f\u00fcr Familien, Paare und Gruppen!<\/p>","protected":false},"featured_media":9100,"template":"","meta":{"_acf_changed":false},"product_brand":[],"product_cat":[16,41],"product_tag":[35],"class_list":{"0":"post-8864","1":"product","2":"type-product","3":"status-publish","4":"has-post-thumbnail","6":"product_cat-tours","7":"product_cat-fazana-boat-tours","8":"product_tag-bookable","10":"first","11":"instock","12":"virtual","13":"sold-individually","14":"purchasable","15":"product-type-booking"},"acf":[],"yoast_head":"<!-- This site is optimized with the Yoast SEO plugin v26.1.1 - https:\/\/yoast.com\/wordpress\/plugins\/seo\/ -->\n<title>Boat tour around Brijuni with dolphin safari from Fa\u017eana - Rio Boat | Boat Tours Pula and Fa\u017eana<\/title>\n<meta name=\"robots\" content=\"index, follow, max-snippet:-1, max-image-preview:large, max-video-preview:-1\" \/>\n<link rel=\"canonical\" href=\"https:\/\/www.rioboatpula.com\/de\/tour\/bootstour-nach-brijuni\/\" \/>\n<meta property=\"og:locale\" content=\"de_DE\" \/>\n<meta property=\"og:type\" content=\"article\" \/>\n<meta property=\"og:title\" content=\"Boat tour around Brijuni with dolphin safari from Fa\u017eana - Rio Boat | Boat Tours Pula and Fa\u017eana\" \/>\n<meta property=\"og:description\" content=\"Experience the beauty of Brijuni National Park on a magical sunset cruise, search for playful dolphins, and enjoy panoramic views from our glass-bottom boat. Perfect for families, couples, and groups!\" \/>\n<meta property=\"og:url\" content=\"https:\/\/www.rioboatpula.com\/de\/tour\/bootstour-nach-brijuni\/\" \/>\n<meta property=\"og:site_name\" content=\"Rio Boat | Boat Tours Pula and Fa\u017eana\" \/>\n<meta property=\"article:publisher\" content=\"https:\/\/web.facebook.com\/rio.boat.pula\" \/>\n<meta property=\"article:modified_time\" content=\"2025-09-16T08:08:00+00:00\" \/>\n<meta property=\"og:image\" content=\"https:\/\/www.rioboatpula.com\/wp-content\/uploads\/2024\/05\/Brijuni-sunset-dolphin-safari-evening-boat-tour-from-Fazana.jpg\" \/>\n\t<meta property=\"og:image:width\" content=\"1600\" \/>\n\t<meta property=\"og:image:height\" content=\"900\" \/>\n\t<meta property=\"og:image:type\" content=\"image\/jpeg\" \/>\n<meta name=\"twitter:label1\" content=\"Gesch\u00e4tzte Lesezeit\" \/>\n\t<meta name=\"twitter:data1\" content=\"1\u00a0Minute\" \/>\n<script type=\"application\/ld+json\" class=\"yoast-schema-graph\">{\"@context\":\"https:\/\/schema.org\",\"@graph\":[{\"@type\":\"WebPage\",\"@id\":\"https:\/\/www.rioboatpula.com\/tour\/boat-tour-to-brijuni\/\",\"url\":\"https:\/\/www.rioboatpula.com\/tour\/boat-tour-to-brijuni\/\",\"name\":\"Boat tour around Brijuni with dolphin safari from Fa\u017eana - Rio Boat | Boat Tours Pula and Fa\u017eana\",\"isPartOf\":{\"@id\":\"https:\/\/www.rioboatpula.com\/#website\"},\"primaryImageOfPage\":{\"@id\":\"https:\/\/www.rioboatpula.com\/tour\/boat-tour-to-brijuni\/#primaryimage\"},\"image\":{\"@id\":\"https:\/\/www.rioboatpula.com\/tour\/boat-tour-to-brijuni\/#primaryimage\"},\"thumbnailUrl\":\"https:\/\/www.rioboatpula.com\/wp-content\/uploads\/2024\/05\/Brijuni-sunset-dolphin-safari-evening-boat-tour-from-Fazana.jpg\",\"datePublished\":\"2024-05-13T06:59:44+00:00\",\"dateModified\":\"2025-09-16T08:08:00+00:00\",\"breadcrumb\":{\"@id\":\"https:\/\/www.rioboatpula.com\/tour\/boat-tour-to-brijuni\/#breadcrumb\"},\"inLanguage\":\"de\",\"potentialAction\":[{\"@type\":\"ReadAction\",\"target\":[\"https:\/\/www.rioboatpula.com\/tour\/boat-tour-to-brijuni\/\"]}]},{\"@type\":\"ImageObject\",\"inLanguage\":\"de\",\"@id\":\"https:\/\/www.rioboatpula.com\/tour\/boat-tour-to-brijuni\/#primaryimage\",\"url\":\"https:\/\/www.rioboatpula.com\/wp-content\/uploads\/2024\/05\/Brijuni-sunset-dolphin-safari-evening-boat-tour-from-Fazana.jpg\",\"contentUrl\":\"https:\/\/www.rioboatpula.com\/wp-content\/uploads\/2024\/05\/Brijuni-sunset-dolphin-safari-evening-boat-tour-from-Fazana.jpg\",\"width\":1600,\"height\":900,\"caption\":\"Fishermen silhouette on sea at red sunset near Brioni nationl park\"},{\"@type\":\"BreadcrumbList\",\"@id\":\"https:\/\/www.rioboatpula.com\/tour\/boat-tour-to-brijuni\/#breadcrumb\",\"itemListElement\":[{\"@type\":\"ListItem\",\"position\":1,\"name\":\"Home\",\"item\":\"https:\/\/www.rioboatpula.com\/\"},{\"@type\":\"ListItem\",\"position\":2,\"name\":\"Boat Tours and Excursions\",\"item\":\"https:\/\/www.rioboatpula.com\/boat-tours-and-excursions\/\"},{\"@type\":\"ListItem\",\"position\":3,\"name\":\"Boat tours\",\"item\":\"https:\/\/www.rioboatpula.com\/cat\/tours\/\"},{\"@type\":\"ListItem\",\"position\":4,\"name\":\"Fa\u017eana boat tours\",\"item\":\"https:\/\/www.rioboatpula.com\/cat\/tours\/fazana-boat-tours\/\"},{\"@type\":\"ListItem\",\"position\":5,\"name\":\"Boat tour around Brijuni with dolphin safari from Fa\u017eana\"}]},{\"@type\":\"WebSite\",\"@id\":\"https:\/\/www.rioboatpula.com\/#website\",\"url\":\"https:\/\/www.rioboatpula.com\/\",\"name\":\"Rio Boat | Boat Tours Pula and Fa\u017eana\",\"description\":\"Amazing Boat tours in Pula and Fa\u017eana, Istria, Croatia\",\"publisher\":{\"@id\":\"https:\/\/www.rioboatpula.com\/#organization\"},\"alternateName\":\"Boat tours in Pula and Fa\u017eana\",\"potentialAction\":[{\"@type\":\"SearchAction\",\"target\":{\"@type\":\"EntryPoint\",\"urlTemplate\":\"https:\/\/www.rioboatpula.com\/?s={search_term_string}\"},\"query-input\":{\"@type\":\"PropertyValueSpecification\",\"valueRequired\":true,\"valueName\":\"search_term_string\"}}],\"inLanguage\":\"de\"},{\"@type\":\"Organization\",\"@id\":\"https:\/\/www.rioboatpula.com\/#organization\",\"name\":\"Rio Boat - Glass Boat Tours\",\"url\":\"https:\/\/www.rioboatpula.com\/\",\"logo\":{\"@type\":\"ImageObject\",\"inLanguage\":\"de\",\"@id\":\"https:\/\/www.rioboatpula.com\/#\/schema\/logo\/image\/\",\"url\":\"https:\/\/www.rioboatpula.com\/wp-content\/uploads\/2021\/03\/logo-rio-boat.svg\",\"contentUrl\":\"https:\/\/www.rioboatpula.com\/wp-content\/uploads\/2021\/03\/logo-rio-boat.svg\",\"width\":1,\"height\":1,\"caption\":\"Rio Boat - Glass Boat Tours\"},\"image\":{\"@id\":\"https:\/\/www.rioboatpula.com\/#\/schema\/logo\/image\/\"},\"sameAs\":[\"https:\/\/web.facebook.com\/rio.boat.pula\",\"https:\/\/www.instagram.com\/rio.boat.pula\/\"]}]}<\/script>\n<!-- \/ Yoast SEO plugin. -->","yoast_head_json":{"title":"Bootstour um Brijuni mit Delfinsafari ab Fa\u017eana - Rio Boat | Bootstouren Pula und Fa\u017eana","robots":{"index":"index","follow":"follow","max-snippet":"max-snippet:-1","max-image-preview":"max-image-preview:large","max-video-preview":"max-video-preview:-1"},"canonical":"https:\/\/www.rioboatpula.com\/de\/tour\/bootstour-nach-brijuni\/","og_locale":"de_DE","og_type":"article","og_title":"Boat tour around Brijuni with dolphin safari from Fa\u017eana - Rio Boat | Boat Tours Pula and Fa\u017eana","og_description":"Experience the beauty of Brijuni National Park on a magical sunset cruise, search for playful dolphins, and enjoy panoramic views from our glass-bottom boat. Perfect for families, couples, and groups!","og_url":"https:\/\/www.rioboatpula.com\/de\/tour\/bootstour-nach-brijuni\/","og_site_name":"Rio Boat | Boat Tours Pula and Fa\u017eana","article_publisher":"https:\/\/web.facebook.com\/rio.boat.pula","article_modified_time":"2025-09-16T08:08:00+00:00","og_image":[{"width":1600,"height":900,"url":"https:\/\/www.rioboatpula.com\/wp-content\/uploads\/2024\/05\/Brijuni-sunset-dolphin-safari-evening-boat-tour-from-Fazana.jpg","type":"image\/jpeg"}],"twitter_misc":{"Gesch\u00e4tzte Lesezeit":"1\u00a0Minute"},"schema":{"@context":"https:\/\/schema.org","@graph":[{"@type":"WebPage","@id":"https:\/\/www.rioboatpula.com\/tour\/boat-tour-to-brijuni\/","url":"https:\/\/www.rioboatpula.com\/tour\/boat-tour-to-brijuni\/","name":"Bootstour um Brijuni mit Delfinsafari ab Fa\u017eana - Rio Boat | Bootstouren Pula und Fa\u017eana","isPartOf":{"@id":"https:\/\/www.rioboatpula.com\/#website"},"primaryImageOfPage":{"@id":"https:\/\/www.rioboatpula.com\/tour\/boat-tour-to-brijuni\/#primaryimage"},"image":{"@id":"https:\/\/www.rioboatpula.com\/tour\/boat-tour-to-brijuni\/#primaryimage"},"thumbnailUrl":"https:\/\/www.rioboatpula.com\/wp-content\/uploads\/2024\/05\/Brijuni-sunset-dolphin-safari-evening-boat-tour-from-Fazana.jpg","datePublished":"2024-05-13T06:59:44+00:00","dateModified":"2025-09-16T08:08:00+00:00","breadcrumb":{"@id":"https:\/\/www.rioboatpula.com\/tour\/boat-tour-to-brijuni\/#breadcrumb"},"inLanguage":"de","potentialAction":[{"@type":"ReadAction","target":["https:\/\/www.rioboatpula.com\/tour\/boat-tour-to-brijuni\/"]}]},{"@type":"ImageObject","inLanguage":"de","@id":"https:\/\/www.rioboatpula.com\/tour\/boat-tour-to-brijuni\/#primaryimage","url":"https:\/\/www.rioboatpula.com\/wp-content\/uploads\/2024\/05\/Brijuni-sunset-dolphin-safari-evening-boat-tour-from-Fazana.jpg","contentUrl":"https:\/\/www.rioboatpula.com\/wp-content\/uploads\/2024\/05\/Brijuni-sunset-dolphin-safari-evening-boat-tour-from-Fazana.jpg","width":1600,"height":900,"caption":"Fishermen silhouette on sea at red sunset near Brioni nationl park"},{"@type":"BreadcrumbList","@id":"https:\/\/www.rioboatpula.com\/tour\/boat-tour-to-brijuni\/#breadcrumb","itemListElement":[{"@type":"ListItem","position":1,"name":"Home","item":"https:\/\/www.rioboatpula.com\/"},{"@type":"ListItem","position":2,"name":"Boat Tours and Excursions","item":"https:\/\/www.rioboatpula.com\/boat-tours-and-excursions\/"},{"@type":"ListItem","position":3,"name":"Boat tours","item":"https:\/\/www.rioboatpula.com\/cat\/tours\/"},{"@type":"ListItem","position":4,"name":"Fa\u017eana boat tours","item":"https:\/\/www.rioboatpula.com\/cat\/tours\/fazana-boat-tours\/"},{"@type":"ListItem","position":5,"name":"Boat tour around Brijuni with dolphin safari from Fa\u017eana"}]},{"@type":"WebSite","@id":"https:\/\/www.rioboatpula.com\/#website","url":"https:\/\/www.rioboatpula.com\/","name":"Rio-Boot | Bootstouren Pula und Fa\u017eana","description":"Fantastische Bootstouren in Pula und Fa\u017eana, Istrien, Kroatien","publisher":{"@id":"https:\/\/www.rioboatpula.com\/#organization"},"alternateName":"Boat tours in Pula and Fa\u017eana","potentialAction":[{"@type":"SearchAction","target":{"@type":"EntryPoint","urlTemplate":"https:\/\/www.rioboatpula.com\/?s={search_term_string}"},"query-input":{"@type":"PropertyValueSpecification","valueRequired":true,"valueName":"search_term_string"}}],"inLanguage":"de"},{"@type":"Organization","@id":"https:\/\/www.rioboatpula.com\/#organization","name":"Rio Boat - Glasboot-Touren","url":"https:\/\/www.rioboatpula.com\/","logo":{"@type":"ImageObject","inLanguage":"de","@id":"https:\/\/www.rioboatpula.com\/#\/schema\/logo\/image\/","url":"https:\/\/www.rioboatpula.com\/wp-content\/uploads\/2021\/03\/logo-rio-boat.svg","contentUrl":"https:\/\/www.rioboatpula.com\/wp-content\/uploads\/2021\/03\/logo-rio-boat.svg","width":1,"height":1,"caption":"Rio Boat - Glass Boat Tours"},"image":{"@id":"https:\/\/www.rioboatpula.com\/#\/schema\/logo\/image\/"},"sameAs":["https:\/\/web.facebook.com\/rio.boat.pula","https:\/\/www.instagram.com\/rio.boat.pula\/"]}]}},"_links":{"self":[{"href":"https:\/\/www.rioboatpula.com\/de\/wp-json\/wp\/v2\/product\/8864","targetHints":{"allow":["GET"]}}],"collection":[{"href":"https:\/\/www.rioboatpula.com\/de\/wp-json\/wp\/v2\/product"}],"about":[{"href":"https:\/\/www.rioboatpula.com\/de\/wp-json\/wp\/v2\/types\/product"}],"version-history":[{"count":21,"href":"https:\/\/www.rioboatpula.com\/de\/wp-json\/wp\/v2\/product\/8864\/revisions"}],"predecessor-version":[{"id":12859,"href":"https:\/\/www.rioboatpula.com\/de\/wp-json\/wp\/v2\/product\/8864\/revisions\/12859"}],"wp:featuredmedia":[{"embeddable":true,"href":"https:\/\/www.rioboatpula.com\/de\/wp-json\/wp\/v2\/media\/9100"}],"wp:attachment":[{"href":"https:\/\/www.rioboatpula.com\/de\/wp-json\/wp\/v2\/media?parent=8864"}],"wp:term":[{"taxonomy":"product_brand","embeddable":true,"href":"https:\/\/www.rioboatpula.com\/de\/wp-json\/wp\/v2\/product_brand?post=8864"},{"taxonomy":"product_cat","embeddable":true,"href":"https:\/\/www.rioboatpula.com\/de\/wp-json\/wp\/v2\/product_cat?post=8864"},{"taxonomy":"product_tag","embeddable":true,"href":"https:\/\/www.rioboatpula.com\/de\/wp-json\/wp\/v2\/product_tag?post=8864"}],"curies":[{"name":"wp","href":"https:\/\/api.w.org\/{rel}","templated":true}]}}